{"id":420,"date":"2017-05-15T12:07:26","date_gmt":"2017-05-15T12:07:26","guid":{"rendered":"https:\/\/traduccionesmon.com\/nota-legal\/"},"modified":"2020-11-13T10:12:16","modified_gmt":"2020-11-13T10:12:16","slug":"nota-legal","status":"publish","type":"page","link":"https:\/\/traduccionesmon.com\/ca\/nota-legal\/","title":{"rendered":"Nota Legal"},"content":{"rendered":"<p>D&#8217;acord amb l&#8217;article 10 de la Llei 34\/2002, d&#8217;11 de juliol de serveis de la societat de la informaci\u00f3 i comer\u00e7 electr\u00f2nic, informem que aquesta p\u00e0gina web i el domini traduccionesmon.com pertanyen a TRADUCCIONES MON SL (en endavant, Traduccions MON), amb domicili a Pg. Pere III, 55-A\u00a0 (08242 Manresa),\u00a0 tel\u00e8fon 938757393, correu electr\u00f2nic tr-mon@tr-mon.com i NIF B62561253.<\/p>\n<h2>Drets de propietat intel\u00b7lectual i industrial<\/h2>\n<p>Tot el contingut d&#8217;aquesta p\u00e0gina web, tant els logotips, els textos, els dissenys o qualsevol altre element, com la seva estructura, el seu disseny, les combinacions de colors o la presentaci\u00f3 dels continguts, t\u00e9 drets de propietat intel\u00b7lectual i industrial la titularitat dels quals pertany a Traduccions MON o a terceres persones amb les quals Traduccions MON ha acordat el seu \u00fas. Els usuaris de la p\u00e0gina web han de respectar aquests drets. Traduccions MON difon tota aquesta informaci\u00f3 a trav\u00e9s de la seva p\u00e0gina web amb la finalitat de fer publicitat dels seus productes i serveis. Traduccions MON adverteix que tots aquests elements i aquestes refer\u00e8ncies nom\u00e9s poden ser utilitzats amb aquesta finalitat i citant sempre la seva proced\u00e8ncia i les seves refer\u00e8ncies d&#8217;identificaci\u00f3. No \u00e9s l\u00edcit transformar-los o alterar-los, ni tampoc comunicar-los p\u00fablicament o explotar-los de qualsevol altra forma per mitj\u00e0 de cap t\u00e8cnica o procediment sense autoritzaci\u00f3 expressa de Traduccions MON.<\/p>\n<h2>Responsabilitat sobre els continguts<\/h2>\n<p>L&#8217;usuari d&#8217;aquesta p\u00e0gina web hi accedeix per compte i iniciativa propis. Traduccions MON no es fa responsable dels errors i les omissions que puguin afectar els seus continguts. Les refer\u00e8ncies que es presenten a traduccionesmon.com tenen una funci\u00f3 exclusivament informativa i no obliguen el titular de la p\u00e0gina web fins al moment de la confirmaci\u00f3 de l&#8217;acceptaci\u00f3 d&#8217;un contracte. Traduccions MON no podr\u00e0 ser considerada responsable de cap dany derivat de l&#8217;\u00fas d&#8217;aquesta p\u00e0gina web, ni de cap actuaci\u00f3 realitzada sobre la base de la informaci\u00f3 que s&#8217;hi facilita.<\/p>\n<p>Traduccions MON declina qualsevol responsabilitat respecte de la informaci\u00f3 de qualsevol mena que continguin altres p\u00e0gines web a les quals es pugui accedir per mitj\u00e0 d&#8217;enlla\u00e7os des d&#8217;aquesta p\u00e0gina web. La funci\u00f3 d&#8217;aquests enlla\u00e7os introdu\u00efts a la p\u00e0gina web \u00e9s informar sobre l&#8217;exist\u00e8ncia d&#8217;altres fonts d&#8217;informaci\u00f3 sobre el tema tractat a la p\u00e0gina d&#8217;origen, i no comporta cap suggeriment o invitaci\u00f3 a l&#8217;usuari perqu\u00e8 visiti les p\u00e0gines web de destinaci\u00f3. Traduccions MON no \u00e9s responsable del resultat obtingut a trav\u00e9s d&#8217;aquests enlla\u00e7os, que no controla ni verifica.<\/p>\n<h2>Autoritzaci\u00f3 per enlla\u00e7ar amb Traduccionesmon.com<\/h2>\n<p>Queda autoritzat l&#8217;establiment d&#8217;enlla\u00e7os cap a qualsevol apartat d&#8217;aquesta p\u00e0gina web sempre que quedi visible, a la barra d&#8217;adreces de l&#8217;explorador, l&#8217;adre\u00e7a real a la qual s&#8217;accedeix. L&#8217;enlla\u00e7 es podr\u00e0 efectuar utilitzant l&#8217;adre\u00e7a, el nom de l&#8217;empresa i\/o altres paraules clau.<\/p>\n","protected":false},"excerpt":{"rendered":"<p>D&#8217;acord amb l&#8217;article 10 de la Llei 34\/2002, d&#8217;11 de juliol de serveis de la societat de la informaci\u00f3 i comer\u00e7 electr\u00f2nic, informem que aquesta p\u00e0gina web i el domini traduccionesmon.com pertanyen a TRADUCCIONES MON SL (en endavant, Traduccions MON), amb domicili a Pg. Pere III, 55-A\u00a0 (08242 Manresa),\u00a0 tel\u00e8fon 938757393, correu electr\u00f2nic tr-mon@tr-mon.com i &hellip; <a href=\"https:\/\/traduccionesmon.com\/ca\/nota-legal\/\" class=\"more-link\">Continue reading<span class=\"screen-reader-text\"> &#8220;Nota Legal&#8221;<\/span><\/a><\/p>\n","protected":false},"author":1,"featured_media":0,"parent":0,"menu_order":0,"comment_status":"closed","ping_status":"closed","template":"page-politica.php","meta":{"footnotes":""},"class_list":["post-420","page","type-page","status-publish","hentry"],"yoast_head":"<!-- This site is optimized with the Yoast SEO plugin v25.9 - https:\/\/yoast.com\/wordpress\/plugins\/seo\/ -->\n<title>Nota Legal - Traducciones Mon<\/title>\n<meta name=\"robots\" content=\"index, follow, max-snippet:-1, max-image-preview:large, max-video-preview:-1\" \/>\n<link rel=\"canonical\" href=\"https:\/\/traduccionesmon.com\/nota-legal\/\" \/>\n<meta property=\"og:locale\" content=\"ca_ES\" \/>\n<meta property=\"og:type\" content=\"article\" \/>\n<meta property=\"og:title\" content=\"Nota Legal - Traducciones Mon\" \/>\n<meta property=\"og:description\" content=\"D&#8217;acord amb l&#8217;article 10 de la Llei 34\/2002, d&#8217;11 de juliol de serveis de la societat de la informaci\u00f3 i comer\u00e7 electr\u00f2nic, informem que aquesta p\u00e0gina web i el domini traduccionesmon.com pertanyen a TRADUCCIONES MON SL (en endavant, Traduccions MON), amb domicili a Pg. Pere III, 55-A\u00a0 (08242 Manresa),\u00a0 tel\u00e8fon 938757393, correu electr\u00f2nic tr-mon@tr-mon.com i &hellip; Continue reading &quot;Nota Legal&quot;\" \/>\n<meta property=\"og:url\" content=\"https:\/\/traduccionesmon.com\/nota-legal\/\" \/>\n<meta property=\"og:site_name\" content=\"Traducciones Mon\" \/>\n<meta property=\"article:modified_time\" content=\"2020-11-13T10:12:16+00:00\" \/>\n<meta name=\"twitter:card\" content=\"summary_large_image\" \/>\n<meta name=\"twitter:label1\" content=\"Est. reading time\" \/>\n\t<meta name=\"twitter:data1\" content=\"2 minutes\" \/>\n<script type=\"application\/ld+json\" class=\"yoast-schema-graph\">{\"@context\":\"https:\/\/schema.org\",\"@graph\":[{\"@type\":\"WebPage\",\"@id\":\"https:\/\/traduccionesmon.com\/nota-legal\/\",\"url\":\"https:\/\/traduccionesmon.com\/nota-legal\/\",\"name\":\"Nota Legal - Traducciones Mon\",\"isPartOf\":{\"@id\":\"https:\/\/traduccionesmon.com\/#website\"},\"datePublished\":\"2017-05-15T12:07:26+00:00\",\"dateModified\":\"2020-11-13T10:12:16+00:00\",\"breadcrumb\":{\"@id\":\"https:\/\/traduccionesmon.com\/nota-legal\/#breadcrumb\"},\"inLanguage\":\"ca-ES\",\"potentialAction\":[{\"@type\":\"ReadAction\",\"target\":[\"https:\/\/traduccionesmon.com\/nota-legal\/\"]}]},{\"@type\":\"BreadcrumbList\",\"@id\":\"https:\/\/traduccionesmon.com\/nota-legal\/#breadcrumb\",\"itemListElement\":[{\"@type\":\"ListItem\",\"position\":1,\"name\":\"Portada\",\"item\":\"https:\/\/traduccionesmon.com\/\"},{\"@type\":\"ListItem\",\"position\":2,\"name\":\"Nota Legal\"}]},{\"@type\":\"WebSite\",\"@id\":\"https:\/\/traduccionesmon.com\/#website\",\"url\":\"https:\/\/traduccionesmon.com\/\",\"name\":\"Traducciones Mon\",\"description\":\"\",\"potentialAction\":[{\"@type\":\"SearchAction\",\"target\":{\"@type\":\"EntryPoint\",\"urlTemplate\":\"https:\/\/traduccionesmon.com\/?s={search_term_string}\"},\"query-input\":{\"@type\":\"PropertyValueSpecification\",\"valueRequired\":true,\"valueName\":\"search_term_string\"}}],\"inLanguage\":\"ca-ES\"}]}<\/script>\n<!-- \/ Yoast SEO plugin. -->","yoast_head_json":{"title":"Nota Legal - Traducciones Mon","robots":{"index":"index","follow":"follow","max-snippet":"max-snippet:-1","max-image-preview":"max-image-preview:large","max-video-preview":"max-video-preview:-1"},"canonical":"https:\/\/traduccionesmon.com\/nota-legal\/","og_locale":"ca_ES","og_type":"article","og_title":"Nota Legal - Traducciones Mon","og_description":"D&#8217;acord amb l&#8217;article 10 de la Llei 34\/2002, d&#8217;11 de juliol de serveis de la societat de la informaci\u00f3 i comer\u00e7 electr\u00f2nic, informem que aquesta p\u00e0gina web i el domini traduccionesmon.com pertanyen a TRADUCCIONES MON SL (en endavant, Traduccions MON), amb domicili a Pg. Pere III, 55-A\u00a0 (08242 Manresa),\u00a0 tel\u00e8fon 938757393, correu electr\u00f2nic tr-mon@tr-mon.com i &hellip; Continue reading \"Nota Legal\"","og_url":"https:\/\/traduccionesmon.com\/nota-legal\/","og_site_name":"Traducciones Mon","article_modified_time":"2020-11-13T10:12:16+00:00","twitter_card":"summary_large_image","twitter_misc":{"Est. reading time":"2 minutes"},"schema":{"@context":"https:\/\/schema.org","@graph":[{"@type":"WebPage","@id":"https:\/\/traduccionesmon.com\/nota-legal\/","url":"https:\/\/traduccionesmon.com\/nota-legal\/","name":"Nota Legal - Traducciones Mon","isPartOf":{"@id":"https:\/\/traduccionesmon.com\/#website"},"datePublished":"2017-05-15T12:07:26+00:00","dateModified":"2020-11-13T10:12:16+00:00","breadcrumb":{"@id":"https:\/\/traduccionesmon.com\/nota-legal\/#breadcrumb"},"inLanguage":"ca-ES","potentialAction":[{"@type":"ReadAction","target":["https:\/\/traduccionesmon.com\/nota-legal\/"]}]},{"@type":"BreadcrumbList","@id":"https:\/\/traduccionesmon.com\/nota-legal\/#breadcrumb","itemListElement":[{"@type":"ListItem","position":1,"name":"Portada","item":"https:\/\/traduccionesmon.com\/"},{"@type":"ListItem","position":2,"name":"Nota Legal"}]},{"@type":"WebSite","@id":"https:\/\/traduccionesmon.com\/#website","url":"https:\/\/traduccionesmon.com\/","name":"Traducciones Mon","description":"","potentialAction":[{"@type":"SearchAction","target":{"@type":"EntryPoint","urlTemplate":"https:\/\/traduccionesmon.com\/?s={search_term_string}"},"query-input":{"@type":"PropertyValueSpecification","valueRequired":true,"valueName":"search_term_string"}}],"inLanguage":"ca-ES"}]}},"_links":{"self":[{"href":"https:\/\/traduccionesmon.com\/ca\/wp-json\/wp\/v2\/pages\/420","targetHints":{"allow":["GET"]}}],"collection":[{"href":"https:\/\/traduccionesmon.com\/ca\/wp-json\/wp\/v2\/pages"}],"about":[{"href":"https:\/\/traduccionesmon.com\/ca\/wp-json\/wp\/v2\/types\/page"}],"author":[{"embeddable":true,"href":"https:\/\/traduccionesmon.com\/ca\/wp-json\/wp\/v2\/users\/1"}],"replies":[{"embeddable":true,"href":"https:\/\/traduccionesmon.com\/ca\/wp-json\/wp\/v2\/comments?post=420"}],"version-history":[{"count":4,"href":"https:\/\/traduccionesmon.com\/ca\/wp-json\/wp\/v2\/pages\/420\/revisions"}],"predecessor-version":[{"id":617,"href":"https:\/\/traduccionesmon.com\/ca\/wp-json\/wp\/v2\/pages\/420\/revisions\/617"}],"wp:attachment":[{"href":"https:\/\/traduccionesmon.com\/ca\/wp-json\/wp\/v2\/media?parent=420"}],"curies":[{"name":"wp","href":"https:\/\/api.w.org\/{rel}","templated":true}]}}