{"id":423,"date":"2017-05-15T12:09:05","date_gmt":"2017-05-15T12:09:05","guid":{"rendered":"https:\/\/traduccionesmon.com\/politica-de-cookies\/"},"modified":"2020-09-03T09:02:17","modified_gmt":"2020-09-03T09:02:17","slug":"politica-de-cookies","status":"publish","type":"page","link":"https:\/\/traduccionesmon.com\/ca\/politica-de-cookies\/","title":{"rendered":"Pol\u00edtica de galetes"},"content":{"rendered":"<h3><strong>Qu\u00e8 \u00e9s una galeta?<\/strong><\/h3>\n<p>Una galeta \u00e9s un fitxer que es descarrega al teu ordinador quan accedeixes a algunes p\u00e0gines web. Les galetes permeten que una p\u00e0gina web, entre altres coses, emmagatzemi i recuperi informaci\u00f3 sobre els h\u00e0bits de navegaci\u00f3 d&#8217;un usuari o del seu equip i, segons la informaci\u00f3 que continguin i la forma en qu\u00e8 utilitzis el teu equip, es poden utilitzar per recon\u00e8ixer l&#8217;usuari.<\/p>\n<p>El navegador de l&#8217;usuari memoritza galetes al disc dur nom\u00e9s durant la sessi\u00f3 actual, aquestes ocupen un espai de mem\u00f2ria m\u00ednim i no perjudiquen l&#8217;ordinador. Les galetes no contenen cap mena d&#8217;informaci\u00f3 personal espec\u00edfica i la majoria s&#8217;esborren del disc dur quan finalitza la sessi\u00f3 de navegador (les denominades galetes de sessi\u00f3).<\/p>\n<p>La majoria dels navegadors accepten com a est\u00e0ndard les galetes i, independentment d&#8217;aquestes, permeten o impedeixen als ajustaments de seguretat les galetes temporals o memoritzades.<\/p>\n<p>Sense el teu consentiment expr\u00e9s \u2013mitjan\u00e7ant l&#8217;activaci\u00f3 de les galetes al teu navegador\u2013 <strong>Traduccions MON<\/strong> no enlla\u00e7ar\u00e0 a les galetes les dades memoritzades amb les dades personals que hagis proporcionat en el moment del registre o la compra.<\/p>\n<h3><strong>Quin tipus de galetes utilitza aquesta p\u00e0gina web?<\/strong><\/h3>\n<p><strong>&#8211; Galetes t\u00e8cniques: <\/strong>s\u00f3n les que permeten que l&#8217;usuari navegui a trav\u00e9s del nostre lloc web i que utilitzi les diferents opcions o els diversos serveis que hi hagi, com ara controlar el tr\u00e0nsit i la comunicaci\u00f3 de dades, identificar la sessi\u00f3, accedir a parts d&#8217;acc\u00e9s restringit, recordar els elements que formen una comanda, realitzar el proc\u00e9s de compra d&#8217;una comanda, fer una sol\u00b7licitud d&#8217;inscripci\u00f3 o participaci\u00f3 en un esdeveniment, utilitzar elements de seguretat durant la navegaci\u00f3, emmagatzemar continguts per difondre v\u00eddeos o so o compartir continguts a trav\u00e9s de les xarxes socials.<\/p>\n<p><strong>&#8211; Galetes de personalitzaci\u00f3: <\/strong>s\u00f3n les que permeten que l&#8217;usuari accedeixi al servei amb algunes caracter\u00edstiques de car\u00e0cter general predefinides segons una s\u00e8rie de criteris al seu terminal, com ara l&#8217;idioma, el tipus de navegador a trav\u00e9s del qual accedeix al servei, la configuraci\u00f3 regional des de la qual accedeix al servei, etc.<\/p>\n<p><strong>&#8211; Galetes d&#8217;an\u00e0lisi: <\/strong>s\u00f3n les que b\u00e9 tractades per nosaltres o per tercers, ens permeten quantificar el nombre d&#8217;usuaris i aix\u00ed fer el mesurament i l&#8217;an\u00e0lisi estad\u00edstica de l&#8217;\u00fas que els usuaris fan del servei ofert. Amb aquesta finalitat s&#8217;analitza la seva navegaci\u00f3 a la nostra p\u00e0gina web per tal de millorar l&#8217;oferta de productes o serveis que oferim.<\/p>\n<h3><strong>Galetes de tercers<\/strong><\/h3>\n<p><strong>Traduccions MON<\/strong> est\u00e0 present a unes quantes plataformes web de tercers, majorit\u00e0riament xarxes socials. \u00c9s possible que aquestes plataformes de tercers disposin de galetes pr\u00f2pies. <strong>Traduccions MON<\/strong> no t\u00e9 control sobre aquestes galetes i, per aix\u00f2, recomana als usuaris que revisin la pol\u00edtica de seguretat de cadascuna d&#8217;aquestes plataformes.<\/p>\n<p>Traduccions MON a Facebook: <a href=\"https:\/\/www.facebook.com\/policies\/cookies\/\">P\u00e0gina de galetes de Facebook<\/a><\/p>\n<p>Traduccions MON en Instagram: <a href=\"https:\/\/www.instagram.com\/legal\/cookies\/\">P\u00e0gina de galetes d&#8217;Instagram<\/a><\/p>\n<p>Traduccions MON en Twitter: <a href=\"https:\/\/support.twitter.com\/articles\/20170521\">P\u00e0gina de galetes de Twitter<\/a><\/p>\n<p>Traduccions MON en TripAdvisor: <a href=\"https:\/\/www.tripadvisor.es\/CookiePolicy\">P\u00e0gina de galetes de TripAdvisor<\/a><\/p>\n<p>Traduccions MON en Google: <a href=\"https:\/\/www.google.com\/intl\/es\/policies\/technologies\/types\/\">P\u00e0gina de galetes de Google<\/a><\/p>\n<p>Si algun usuari de\u00a0<strong>Traduccions MON<\/strong> vol compartir algun dels continguts del nostre lloc web a trav\u00e9s d&#8217;alguna xarxa social externa, ha de tenir present que aquesta \u00faltima tamb\u00e9 pot utilitzar alguna galeta en el moment del registre. En aquest cas,\u00a0<strong>Traduccions MON<\/strong> tampoc t\u00e9 cap control sobre aquestes galetes.<\/p>\n<p>L&#8217;usuari accepta expressament, en utilitzar aquest lloc, el tractament de la informaci\u00f3 obtinguda de la manera i amb les finalitats anteriorment esmentades.\u00a0I aix\u00ed mateix reconeix que coneix la possibilitat de refusar el tractament d&#8217;aquestes dades o aquesta informaci\u00f3 rebutjant l&#8217;\u00fas de galetes per mitj\u00e0 de la selecci\u00f3 de la configuraci\u00f3 apropiada a aquesta finalitat al seu navegador. Tanmateix, aquesta opci\u00f3 de bloqueig de galetes al seu navegador pot no permetre l&#8217;\u00fas ple de totes les funcionalitats del lloc web.<\/p>\n<p>Pots permetre, bloquejar o eliminar les galetes instal\u00b7lades al teu equip per mitj\u00e0 de la configuraci\u00f3 de les opcions del navegador instal\u00b7lat al teu ordinador:<\/p>\n<p><a href=\"http:\/\/support.google.com\/chrome\/bin\/answer.py?hl=es&amp;answer=95647\">Chrome<\/a><\/p>\n<p><a href=\"http:\/\/windows.microsoft.com\/es-es\/windows7\/how-to-manage-cookies-in-internet-explorer-9\">Explorer<\/a><\/p>\n<p><a href=\"http:\/\/support.mozilla.org\/es\/kb\/habilitar-y-deshabilitar-cookies-que-los-sitios-we\">Firefox<\/a><\/p>\n<p><a href=\"http:\/\/support.apple.com\/kb\/ph5042\">Safari<\/a><\/p>\n<p>Si tens dubtes sobre aquesta pol\u00edtica de galetes, et pots posar en contacte amb\u00a0<strong>Traduccions MON<\/strong> a <a href=\"mailto:tr-mon@tr-mon.com\">tr-mon@tr-mon.com<\/a>.<\/p>\n","protected":false},"excerpt":{"rendered":"<p>Qu\u00e8 \u00e9s una galeta? Una galeta \u00e9s un fitxer que es descarrega al teu ordinador quan accedeixes a algunes p\u00e0gines web. Les galetes permeten que una p\u00e0gina web, entre altres coses, emmagatzemi i recuperi informaci\u00f3 sobre els h\u00e0bits de navegaci\u00f3 d&#8217;un usuari o del seu equip i, segons la informaci\u00f3 que continguin i la forma &hellip; <a href=\"https:\/\/traduccionesmon.com\/ca\/politica-de-cookies\/\" class=\"more-link\">Continue reading<span class=\"screen-reader-text\"> &#8220;Pol\u00edtica de galetes&#8221;<\/span><\/a><\/p>\n","protected":false},"author":1,"featured_media":0,"parent":0,"menu_order":0,"comment_status":"closed","ping_status":"closed","template":"page-politica.php","meta":{"footnotes":""},"class_list":["post-423","page","type-page","status-publish","hentry"],"yoast_head":"<!-- This site is optimized with the Yoast SEO plugin v25.9 - https:\/\/yoast.com\/wordpress\/plugins\/seo\/ -->\n<title>Pol\u00edtica de galetes - Traducciones Mon<\/title>\n<meta name=\"robots\" content=\"index, follow, max-snippet:-1, max-image-preview:large, max-video-preview:-1\" \/>\n<link rel=\"canonical\" href=\"https:\/\/traduccionesmon.com\/politica-de-cookies\/\" \/>\n<meta property=\"og:locale\" content=\"ca_ES\" \/>\n<meta property=\"og:type\" content=\"article\" \/>\n<meta property=\"og:title\" content=\"Pol\u00edtica de galetes - Traducciones Mon\" \/>\n<meta property=\"og:description\" content=\"Qu\u00e8 \u00e9s una galeta? Una galeta \u00e9s un fitxer que es descarrega al teu ordinador quan accedeixes a algunes p\u00e0gines web. Les galetes permeten que una p\u00e0gina web, entre altres coses, emmagatzemi i recuperi informaci\u00f3 sobre els h\u00e0bits de navegaci\u00f3 d&#8217;un usuari o del seu equip i, segons la informaci\u00f3 que continguin i la forma &hellip; Continue reading &quot;Pol\u00edtica de galetes&quot;\" \/>\n<meta property=\"og:url\" content=\"https:\/\/traduccionesmon.com\/politica-de-cookies\/\" \/>\n<meta property=\"og:site_name\" content=\"Traducciones Mon\" \/>\n<meta property=\"article:modified_time\" content=\"2020-09-03T09:02:17+00:00\" \/>\n<meta name=\"twitter:card\" content=\"summary_large_image\" \/>\n<meta name=\"twitter:label1\" content=\"Est. reading time\" \/>\n\t<meta name=\"twitter:data1\" content=\"4 minutes\" \/>\n<script type=\"application\/ld+json\" class=\"yoast-schema-graph\">{\"@context\":\"https:\/\/schema.org\",\"@graph\":[{\"@type\":\"WebPage\",\"@id\":\"https:\/\/traduccionesmon.com\/politica-de-cookies\/\",\"url\":\"https:\/\/traduccionesmon.com\/politica-de-cookies\/\",\"name\":\"Pol\u00edtica de galetes - Traducciones Mon\",\"isPartOf\":{\"@id\":\"https:\/\/traduccionesmon.com\/#website\"},\"datePublished\":\"2017-05-15T12:09:05+00:00\",\"dateModified\":\"2020-09-03T09:02:17+00:00\",\"breadcrumb\":{\"@id\":\"https:\/\/traduccionesmon.com\/politica-de-cookies\/#breadcrumb\"},\"inLanguage\":\"ca-ES\",\"potentialAction\":[{\"@type\":\"ReadAction\",\"target\":[\"https:\/\/traduccionesmon.com\/politica-de-cookies\/\"]}]},{\"@type\":\"BreadcrumbList\",\"@id\":\"https:\/\/traduccionesmon.com\/politica-de-cookies\/#breadcrumb\",\"itemListElement\":[{\"@type\":\"ListItem\",\"position\":1,\"name\":\"Portada\",\"item\":\"https:\/\/traduccionesmon.com\/\"},{\"@type\":\"ListItem\",\"position\":2,\"name\":\"Pol\u00edtica de galetes\"}]},{\"@type\":\"WebSite\",\"@id\":\"https:\/\/traduccionesmon.com\/#website\",\"url\":\"https:\/\/traduccionesmon.com\/\",\"name\":\"Traducciones Mon\",\"description\":\"\",\"potentialAction\":[{\"@type\":\"SearchAction\",\"target\":{\"@type\":\"EntryPoint\",\"urlTemplate\":\"https:\/\/traduccionesmon.com\/?s={search_term_string}\"},\"query-input\":{\"@type\":\"PropertyValueSpecification\",\"valueRequired\":true,\"valueName\":\"search_term_string\"}}],\"inLanguage\":\"ca-ES\"}]}<\/script>\n<!-- \/ Yoast SEO plugin. -->","yoast_head_json":{"title":"Pol\u00edtica de galetes - Traducciones Mon","robots":{"index":"index","follow":"follow","max-snippet":"max-snippet:-1","max-image-preview":"max-image-preview:large","max-video-preview":"max-video-preview:-1"},"canonical":"https:\/\/traduccionesmon.com\/politica-de-cookies\/","og_locale":"ca_ES","og_type":"article","og_title":"Pol\u00edtica de galetes - Traducciones Mon","og_description":"Qu\u00e8 \u00e9s una galeta? Una galeta \u00e9s un fitxer que es descarrega al teu ordinador quan accedeixes a algunes p\u00e0gines web. Les galetes permeten que una p\u00e0gina web, entre altres coses, emmagatzemi i recuperi informaci\u00f3 sobre els h\u00e0bits de navegaci\u00f3 d&#8217;un usuari o del seu equip i, segons la informaci\u00f3 que continguin i la forma &hellip; Continue reading \"Pol\u00edtica de galetes\"","og_url":"https:\/\/traduccionesmon.com\/politica-de-cookies\/","og_site_name":"Traducciones Mon","article_modified_time":"2020-09-03T09:02:17+00:00","twitter_card":"summary_large_image","twitter_misc":{"Est. reading time":"4 minutes"},"schema":{"@context":"https:\/\/schema.org","@graph":[{"@type":"WebPage","@id":"https:\/\/traduccionesmon.com\/politica-de-cookies\/","url":"https:\/\/traduccionesmon.com\/politica-de-cookies\/","name":"Pol\u00edtica de galetes - Traducciones Mon","isPartOf":{"@id":"https:\/\/traduccionesmon.com\/#website"},"datePublished":"2017-05-15T12:09:05+00:00","dateModified":"2020-09-03T09:02:17+00:00","breadcrumb":{"@id":"https:\/\/traduccionesmon.com\/politica-de-cookies\/#breadcrumb"},"inLanguage":"ca-ES","potentialAction":[{"@type":"ReadAction","target":["https:\/\/traduccionesmon.com\/politica-de-cookies\/"]}]},{"@type":"BreadcrumbList","@id":"https:\/\/traduccionesmon.com\/politica-de-cookies\/#breadcrumb","itemListElement":[{"@type":"ListItem","position":1,"name":"Portada","item":"https:\/\/traduccionesmon.com\/"},{"@type":"ListItem","position":2,"name":"Pol\u00edtica de galetes"}]},{"@type":"WebSite","@id":"https:\/\/traduccionesmon.com\/#website","url":"https:\/\/traduccionesmon.com\/","name":"Traducciones Mon","description":"","potentialAction":[{"@type":"SearchAction","target":{"@type":"EntryPoint","urlTemplate":"https:\/\/traduccionesmon.com\/?s={search_term_string}"},"query-input":{"@type":"PropertyValueSpecification","valueRequired":true,"valueName":"search_term_string"}}],"inLanguage":"ca-ES"}]}},"_links":{"self":[{"href":"https:\/\/traduccionesmon.com\/ca\/wp-json\/wp\/v2\/pages\/423","targetHints":{"allow":["GET"]}}],"collection":[{"href":"https:\/\/traduccionesmon.com\/ca\/wp-json\/wp\/v2\/pages"}],"about":[{"href":"https:\/\/traduccionesmon.com\/ca\/wp-json\/wp\/v2\/types\/page"}],"author":[{"embeddable":true,"href":"https:\/\/traduccionesmon.com\/ca\/wp-json\/wp\/v2\/users\/1"}],"replies":[{"embeddable":true,"href":"https:\/\/traduccionesmon.com\/ca\/wp-json\/wp\/v2\/comments?post=423"}],"version-history":[{"count":2,"href":"https:\/\/traduccionesmon.com\/ca\/wp-json\/wp\/v2\/pages\/423\/revisions"}],"predecessor-version":[{"id":430,"href":"https:\/\/traduccionesmon.com\/ca\/wp-json\/wp\/v2\/pages\/423\/revisions\/430"}],"wp:attachment":[{"href":"https:\/\/traduccionesmon.com\/ca\/wp-json\/wp\/v2\/media?parent=423"}],"curies":[{"name":"wp","href":"https:\/\/api.w.org\/{rel}","templated":true}]}}