{"id":431,"date":"2020-09-03T09:03:04","date_gmt":"2020-09-03T09:03:04","guid":{"rendered":"https:\/\/traduccionesmon.com\/?page_id=431"},"modified":"2020-11-13T10:08:05","modified_gmt":"2020-11-13T10:08:05","slug":"politica-de-privacitat","status":"publish","type":"page","link":"https:\/\/traduccionesmon.com\/ca\/politica-de-privacitat\/","title":{"rendered":"Pol\u00edtica de privacitat"},"content":{"rendered":"<p>Identitat: Traduccions MON, SL<\/p>\n<p>CIF: B62.561.253<\/p>\n<p>Adre\u00e7a postal: Passeig Pere III, 55A, entl. 2a, 08242 Manresa (Espanya)<\/p>\n<p>Tel\u00e8fon: +34938757393<\/p>\n<p>Correu electr\u00f2nic: tr-mon@tr-mon.com<\/p>\n<p><strong><u>1-INFORMACI\u00d3 I CONSENTIMENT.\u00a0<\/u><\/strong><\/p>\n<p>Mitjan\u00e7ant l&#8217;acceptaci\u00f3 de la present Pol\u00edtica de Privacitat, l&#8217;Usuari queda informat i presta el seu consentiment lliure, informat, espec\u00edfic i inequ\u00edvoc perqu\u00e8 les dades personals que faciliti a trav\u00e9s de la p\u00e0gina Web situada en la URL\u00a0www.traduccionesmon.com\u00a0(d&#8217;ara endavant, el \u201cLloc Web\u201d) siguin tractats per Traduccions MON.<\/p>\n<p><strong><u>2-OBLIG<\/u><u>ATORIETAT<\/u><u> DE FACILITAR LES DADES.<\/u><\/strong><\/p>\n<p>Les dades sol\u00b7licitades en els formularis de la Web s\u00f3n amb car\u00e0cter general, obligatoris (tret que en el camp requerit s&#8217;especifiqui el contrari) per complir amb les finalitats establertes. Per tant, si no es faciliten o no es faciliten correctament no podran atendre&#8217;s les finalitats, sense perjudici que podr\u00e0 visualitzar lliurement el contingut del Lloc Web.<\/p>\n<p><strong><u>3-AMB QUINA FINALITAT TRACTAR\u00c0 TRADUCCIONS MON LES DADES PERSONALS DE L&#8217;USUARI I DURANT QUANT TEMPS?<\/u><\/strong><\/p>\n<p>Les dades personals facilitades a trav\u00e9s del Lloc Web seran tractades per Traduccions MON conforme a les seg\u00fcents finalitats:<\/p>\n<p>-Gestionar, tramitar i donar resposta a peticions, sol\u00b7licituds, incid\u00e8ncies o consultes de l&#8217;Usuari, quan aquest faciliti les seves dades a trav\u00e9s del formulari \u201cDemana pressupost\u201d. Les dades de l&#8217;Usuari seran conservades amb aquesta finalitat fins que aquest s&#8217;oposi o revoqui el seu consentiment.<\/p>\n<p>-Remetre peri\u00f2dicament als Usuaris, fins i tot per mitjans electr\u00f2nics, comunicacions comercials relacionades amb productes, serveis, promocions, ofertes, esdeveniments o not\u00edcies que puguin resultar del seu inter\u00e8s, si l&#8217;Usuari hi dona el seu consentiment o, en qualsevol cas, no s\u2019hi oposa o revoca el seu consentiment pr\u00e8viament donat.<\/p>\n<p>-Mantenir informat a l&#8217;Usuari sobre les novetats de Traduccions MON en els seus perfils a les Xarxes Socials, si l&#8217;Usuari es fa seguidor de Traduccions MON en els seus perfils. L&#8217;Usuari que no desitgi seguir rebent comunicacions comercials sobri Traduccions MON a les Xarxes Socials ha de deixar de seguir els seus perfils.<\/p>\n<p><strong><u>4-QUINES DADES DE L&#8217;USUARI TRACTAR\u00c0 TRADUCCIONS MON?\u00a0<\/u><\/strong><\/p>\n<p>Traduccions MON tractar\u00e0 les seg\u00fcents categories de dades de l&#8217;Usuari:<\/p>\n<p>-Dades identificatives<\/p>\n<p>-Dades de contacte<\/p>\n<p><strong><u>5-QUINA \u00c9S LA LEGITIMACI\u00d3 DEL TRACTAMENT DE LES DADES DE L&#8217;USUARI?<\/u><\/strong><\/p>\n<p>El tractament de les dades de l&#8217;Usuari per part de Traduccions MON est\u00e0 basat en el consentiment que se li sol\u00b7licita i que pot retirar en qualsevol moment. No obstant aix\u00f2, en cas de retirar el seu consentiment, aix\u00f2 no afectar\u00e0 a la licitud dels tractaments efectuats amb anterioritat.<\/p>\n<p>Els consentiments obtinguts per a les finalitats esmentades s\u00f3n independents pel que l&#8217;Usuari podr\u00e0 revocar nom\u00e9s un d&#8217;ells no afectant als altres.<\/p>\n<p><strong><u>6-A QUINS DESTINATARIS ES COMUNICARAN LES DADES DE L&#8217;USUARI?\u00a0<\/u><\/strong><\/p>\n<p>Les dades no seran comunicades a tercers, llevat que ho exigeixi una llei o sigui necessari per complir amb la finalitat del tractament.<\/p>\n<p><strong><u>7-RESPONSABILITAT DE L&#8217;USUARI.<\/u><\/strong><\/p>\n<p>L&#8217;Usuari:<\/p>\n<p>-Garanteix que les dades que facilita a Traduccions MON s\u00f3n certes, exactes, completes i actualitzades. A aquests efectes, l&#8217;Usuari respon de la veracitat de totes les dades que comuniqui i mantindr\u00e0 convenientment actualitzada la informaci\u00f3 facilitada, de tal forma que respongui a la seva situaci\u00f3 real.<\/p>\n<p>-Ser\u00e0 responsable de les informacions falses o inexactes que proporcioni a trav\u00e9s del Lloc Web i dels danys i perjudicis, directes o indirectes, que aix\u00f2 causi a Traduccions MON o a tercers.<\/p>\n<p><strong><u>8-COMUNICACIONS COMERCIALS I PROMOCIONALS.<\/u><\/strong><\/p>\n<p>Una de les finalitats per a les quals Traduccions MON tracta les dades personals proporcionades per part dels Usuaris \u00e9s remetre&#8217;ls comunicacions electr\u00f2niques amb informaci\u00f3 relativa a productes, serveis, promocions, ofertes, esdeveniments o not\u00edcies rellevants per als Usuaris. Sempre que es realitzi alguna comunicaci\u00f3 d&#8217;aquest tipus, aquesta ser\u00e0 dirigida \u00fanicament i exclusiva a aquells Usuaris que haguessin donat pr\u00e8viament el seu consentiment per a rebre-la.<\/p>\n<p>En cas que l&#8217;Usuari desitgi deixar de rebre comunicacions comercials o promocionals per part de Traduccions MON pot sol\u00b7licitar la baixa del servei enviant un email a la seg\u00fcent adre\u00e7a de correu electr\u00f2nic:\u00a0tr-mon@tr-mon.com.<\/p>\n<p><strong><u>9-EXERCICI DE DRETS.<\/u><\/strong><\/p>\n<p>L&#8217;Usuari pot enviar un escrit a Traduccions MON amb la Referencia \u201cProtecci\u00f3 de Dades\u201d a l&#8217;adre\u00e7a de correu electr\u00f2nic tr-mon@tr-mon.com, bo i adjuntant fotoc\u00f2pia del seu document d&#8217;identitat, en qualsevol moment i de manera gratu\u00efta, per:<\/p>\n<p><strong>-Revocar<\/strong> <strong>els consentiments<\/strong><\/p>\n<p><strong>-Acc\u00e9s.<\/strong> Pot sol\u00b7licitar l&#8217;acc\u00e9s a la informaci\u00f3 personal que conservem sobre vost\u00e8.<\/p>\n<p><strong>-Rectificaci\u00f3<\/strong>. Pot sol\u00b7licitar que corregim, modifiquem o suprimim qualsevol informaci\u00f3 incompleta, no actualitzada o inexacta.<\/p>\n<p><strong>-Supressi\u00f3<\/strong>. Pot sol\u00b7licitar la supressi\u00f3 de la seva informaci\u00f3 personal, quan, entre altres motius, les dades ja no siguin necessaris per a les finalitats que van ser recollits.<\/p>\n<p><strong>-Oposici\u00f3.<\/strong> Pot oposar-se al tractament de la seva informaci\u00f3 personal basat en inter\u00e8s leg\u00edtim.<\/p>\n<p><strong>-Limitaci\u00f3 del tractament.<\/strong> Obtenir de Traduccions MON la limitaci\u00f3 del tractament de les dades quan es compleixi alguna de les condicions previstes en la normativa de protecci\u00f3 de dades.<\/p>\n<p><strong>-Portabilitat de les seves dades.<\/strong> Dret al fet que li lliurin les seves dades perqu\u00e8 pugui transmetre&#8217;ls a un altre responsable<\/p>\n<p><strong>-Reclamaci\u00f3<\/strong>. Tamb\u00e9 t\u00e9 dret a posar una reclamaci\u00f3 davant l&#8217;Ag\u00e8ncia Espanyola de Protecci\u00f3 de Dades (http:\/\/www.agpd.es), quan l&#8217;interessat consideri que Traduccions MON ha vulnerat els drets que li s\u00f3n reconeguts per la normativa aplicable en protecci\u00f3 de dades.<\/p>\n<p><strong><u>10- MESURES DE SEGURETAT.<\/u><\/strong><\/p>\n<p>Traduccions MON tractar\u00e0 les dades de l&#8217;Usuari en tot moment de forma absolutament confidencial i guardant el preceptiu deure secret respecte dels mateixos, de conformitat amb el previst en la normativa d&#8217;aplicaci\u00f3, adoptant a aquest efecte les mesures d&#8217;\u00edndole t\u00e8cnica i organitzatives necess\u00e0ries que garanteixin la seguretat de les seves dades i evitin la seva alteraci\u00f3, p\u00e8rdua, tractament o acc\u00e9s no autoritzat, tenint en compte de l&#8217;estat de la tecnologia, la naturalesa de les dades emmagatzemades i els riscos als quals estan exposats.<\/p>\n<p>&nbsp;<\/p>\n<p>&nbsp;<\/p>\n","protected":false},"excerpt":{"rendered":"<p>Identitat: Traduccions MON, SL CIF: B62.561.253 Adre\u00e7a postal: Passeig Pere III, 55A, entl. 2a, 08242 Manresa (Espanya) Tel\u00e8fon: +34938757393 Correu electr\u00f2nic: tr-mon@tr-mon.com 1-INFORMACI\u00d3 I CONSENTIMENT.\u00a0 Mitjan\u00e7ant l&#8217;acceptaci\u00f3 de la present Pol\u00edtica de Privacitat, l&#8217;Usuari queda informat i presta el seu consentiment lliure, informat, espec\u00edfic i inequ\u00edvoc perqu\u00e8 les dades personals que faciliti a trav\u00e9s de &hellip; <a href=\"https:\/\/traduccionesmon.com\/ca\/politica-de-privacitat\/\" class=\"more-link\">Continue reading<span class=\"screen-reader-text\"> &#8220;Pol\u00edtica de privacitat&#8221;<\/span><\/a><\/p>\n","protected":false},"author":1,"featured_media":0,"parent":0,"menu_order":0,"comment_status":"closed","ping_status":"closed","template":"page-politica.php","meta":{"footnotes":""},"class_list":["post-431","page","type-page","status-publish","hentry"],"yoast_head":"<!-- This site is optimized with the Yoast SEO plugin v25.9 - https:\/\/yoast.com\/wordpress\/plugins\/seo\/ -->\n<title>Pol\u00edtica de privacitat - Traducciones Mon<\/title>\n<meta name=\"robots\" content=\"index, follow, max-snippet:-1, max-image-preview:large, max-video-preview:-1\" \/>\n<link rel=\"canonical\" href=\"https:\/\/traduccionesmon.com\/politica-de-privacidad\/\" \/>\n<meta property=\"og:locale\" content=\"ca_ES\" \/>\n<meta property=\"og:type\" content=\"article\" \/>\n<meta property=\"og:title\" content=\"Pol\u00edtica de privacitat - Traducciones Mon\" \/>\n<meta property=\"og:description\" content=\"Identitat: Traduccions MON, SL CIF: B62.561.253 Adre\u00e7a postal: Passeig Pere III, 55A, entl. 2a, 08242 Manresa (Espanya) Tel\u00e8fon: +34938757393 Correu electr\u00f2nic: tr-mon@tr-mon.com 1-INFORMACI\u00d3 I CONSENTIMENT.\u00a0 Mitjan\u00e7ant l&#8217;acceptaci\u00f3 de la present Pol\u00edtica de Privacitat, l&#8217;Usuari queda informat i presta el seu consentiment lliure, informat, espec\u00edfic i inequ\u00edvoc perqu\u00e8 les dades personals que faciliti a trav\u00e9s de &hellip; Continue reading &quot;Pol\u00edtica de privacitat&quot;\" \/>\n<meta property=\"og:url\" content=\"https:\/\/traduccionesmon.com\/politica-de-privacidad\/\" \/>\n<meta property=\"og:site_name\" content=\"Traducciones Mon\" \/>\n<meta property=\"article:modified_time\" content=\"2020-11-13T10:08:05+00:00\" \/>\n<meta name=\"twitter:card\" content=\"summary_large_image\" \/>\n<meta name=\"twitter:label1\" content=\"Est. reading time\" \/>\n\t<meta name=\"twitter:data1\" content=\"5 minutes\" \/>\n<script type=\"application\/ld+json\" class=\"yoast-schema-graph\">{\"@context\":\"https:\/\/schema.org\",\"@graph\":[{\"@type\":\"WebPage\",\"@id\":\"https:\/\/traduccionesmon.com\/politica-de-privacidad\/\",\"url\":\"https:\/\/traduccionesmon.com\/politica-de-privacidad\/\",\"name\":\"Pol\u00edtica de privacitat - Traducciones Mon\",\"isPartOf\":{\"@id\":\"https:\/\/traduccionesmon.com\/#website\"},\"datePublished\":\"2020-09-03T09:03:04+00:00\",\"dateModified\":\"2020-11-13T10:08:05+00:00\",\"breadcrumb\":{\"@id\":\"https:\/\/traduccionesmon.com\/politica-de-privacidad\/#breadcrumb\"},\"inLanguage\":\"ca-ES\",\"potentialAction\":[{\"@type\":\"ReadAction\",\"target\":[\"https:\/\/traduccionesmon.com\/politica-de-privacidad\/\"]}]},{\"@type\":\"BreadcrumbList\",\"@id\":\"https:\/\/traduccionesmon.com\/politica-de-privacidad\/#breadcrumb\",\"itemListElement\":[{\"@type\":\"ListItem\",\"position\":1,\"name\":\"Portada\",\"item\":\"https:\/\/traduccionesmon.com\/\"},{\"@type\":\"ListItem\",\"position\":2,\"name\":\"Pol\u00edtica de privacitat\"}]},{\"@type\":\"WebSite\",\"@id\":\"https:\/\/traduccionesmon.com\/#website\",\"url\":\"https:\/\/traduccionesmon.com\/\",\"name\":\"Traducciones Mon\",\"description\":\"\",\"potentialAction\":[{\"@type\":\"SearchAction\",\"target\":{\"@type\":\"EntryPoint\",\"urlTemplate\":\"https:\/\/traduccionesmon.com\/?s={search_term_string}\"},\"query-input\":{\"@type\":\"PropertyValueSpecification\",\"valueRequired\":true,\"valueName\":\"search_term_string\"}}],\"inLanguage\":\"ca-ES\"}]}<\/script>\n<!-- \/ Yoast SEO plugin. -->","yoast_head_json":{"title":"Pol\u00edtica de privacitat - Traducciones Mon","robots":{"index":"index","follow":"follow","max-snippet":"max-snippet:-1","max-image-preview":"max-image-preview:large","max-video-preview":"max-video-preview:-1"},"canonical":"https:\/\/traduccionesmon.com\/politica-de-privacidad\/","og_locale":"ca_ES","og_type":"article","og_title":"Pol\u00edtica de privacitat - Traducciones Mon","og_description":"Identitat: Traduccions MON, SL CIF: B62.561.253 Adre\u00e7a postal: Passeig Pere III, 55A, entl. 2a, 08242 Manresa (Espanya) Tel\u00e8fon: +34938757393 Correu electr\u00f2nic: tr-mon@tr-mon.com 1-INFORMACI\u00d3 I CONSENTIMENT.\u00a0 Mitjan\u00e7ant l&#8217;acceptaci\u00f3 de la present Pol\u00edtica de Privacitat, l&#8217;Usuari queda informat i presta el seu consentiment lliure, informat, espec\u00edfic i inequ\u00edvoc perqu\u00e8 les dades personals que faciliti a trav\u00e9s de &hellip; Continue reading \"Pol\u00edtica de privacitat\"","og_url":"https:\/\/traduccionesmon.com\/politica-de-privacidad\/","og_site_name":"Traducciones Mon","article_modified_time":"2020-11-13T10:08:05+00:00","twitter_card":"summary_large_image","twitter_misc":{"Est. reading time":"5 minutes"},"schema":{"@context":"https:\/\/schema.org","@graph":[{"@type":"WebPage","@id":"https:\/\/traduccionesmon.com\/politica-de-privacidad\/","url":"https:\/\/traduccionesmon.com\/politica-de-privacidad\/","name":"Pol\u00edtica de privacitat - Traducciones Mon","isPartOf":{"@id":"https:\/\/traduccionesmon.com\/#website"},"datePublished":"2020-09-03T09:03:04+00:00","dateModified":"2020-11-13T10:08:05+00:00","breadcrumb":{"@id":"https:\/\/traduccionesmon.com\/politica-de-privacidad\/#breadcrumb"},"inLanguage":"ca-ES","potentialAction":[{"@type":"ReadAction","target":["https:\/\/traduccionesmon.com\/politica-de-privacidad\/"]}]},{"@type":"BreadcrumbList","@id":"https:\/\/traduccionesmon.com\/politica-de-privacidad\/#breadcrumb","itemListElement":[{"@type":"ListItem","position":1,"name":"Portada","item":"https:\/\/traduccionesmon.com\/"},{"@type":"ListItem","position":2,"name":"Pol\u00edtica de privacitat"}]},{"@type":"WebSite","@id":"https:\/\/traduccionesmon.com\/#website","url":"https:\/\/traduccionesmon.com\/","name":"Traducciones Mon","description":"","potentialAction":[{"@type":"SearchAction","target":{"@type":"EntryPoint","urlTemplate":"https:\/\/traduccionesmon.com\/?s={search_term_string}"},"query-input":{"@type":"PropertyValueSpecification","valueRequired":true,"valueName":"search_term_string"}}],"inLanguage":"ca-ES"}]}},"_links":{"self":[{"href":"https:\/\/traduccionesmon.com\/ca\/wp-json\/wp\/v2\/pages\/431","targetHints":{"allow":["GET"]}}],"collection":[{"href":"https:\/\/traduccionesmon.com\/ca\/wp-json\/wp\/v2\/pages"}],"about":[{"href":"https:\/\/traduccionesmon.com\/ca\/wp-json\/wp\/v2\/types\/page"}],"author":[{"embeddable":true,"href":"https:\/\/traduccionesmon.com\/ca\/wp-json\/wp\/v2\/users\/1"}],"replies":[{"embeddable":true,"href":"https:\/\/traduccionesmon.com\/ca\/wp-json\/wp\/v2\/comments?post=431"}],"version-history":[{"count":4,"href":"https:\/\/traduccionesmon.com\/ca\/wp-json\/wp\/v2\/pages\/431\/revisions"}],"predecessor-version":[{"id":614,"href":"https:\/\/traduccionesmon.com\/ca\/wp-json\/wp\/v2\/pages\/431\/revisions\/614"}],"wp:attachment":[{"href":"https:\/\/traduccionesmon.com\/ca\/wp-json\/wp\/v2\/media?parent=431"}],"curies":[{"name":"wp","href":"https:\/\/api.w.org\/{rel}","templated":true}]}}