{"id":495,"date":"2020-10-07T12:15:23","date_gmt":"2020-10-07T12:15:23","guid":{"rendered":"https:\/\/traduccionesmon.com\/?page_id=495"},"modified":"2020-10-27T08:32:35","modified_gmt":"2020-10-27T08:32:35","slug":"politica-de-devolucions","status":"publish","type":"page","link":"https:\/\/traduccionesmon.com\/ca\/politica-de-devolucions\/","title":{"rendered":"Pol\u00edtica de devolucions"},"content":{"rendered":"<h3><strong>Condicions del pagament per enlla\u00e7<\/strong><\/h3>\n<p>En fer un pagament per enlla\u00e7, accepteu les seg\u00fcents condicions de cancel\u00b7laci\u00f3:<\/p>\n<ul>\n<li>Un cop fet el pagament, la cancel\u00b7laci\u00f3 del servei comportar\u00e0 la devoluci\u00f3 de la part de l&#8217;enc\u00e0rrec que encara no estigui acabada.<\/li>\n<li>Nom\u00e9s es podr\u00e0 cancel\u00b7lar el treball, amb el corresponent dret a devoluci\u00f3, els 7 dies posteriors a la realitzaci\u00f3 del pagament.<\/li>\n<li>En cas de traduccions jurades i interpretacions, la cancel\u00b7laci\u00f3 del servei no dona dret a la devoluci\u00f3 de l&#8217;import pagat.<\/li>\n<\/ul>\n","protected":false},"excerpt":{"rendered":"<p>Condicions del pagament per enlla\u00e7 En fer un pagament per enlla\u00e7, accepteu les seg\u00fcents condicions de cancel\u00b7laci\u00f3: Un cop fet el pagament, la cancel\u00b7laci\u00f3 del servei comportar\u00e0 la devoluci\u00f3 de la part de l&#8217;enc\u00e0rrec que encara no estigui acabada. Nom\u00e9s es podr\u00e0 cancel\u00b7lar el treball, amb el corresponent dret a devoluci\u00f3, els 7 dies posteriors &hellip; <a href=\"https:\/\/traduccionesmon.com\/ca\/politica-de-devolucions\/\" class=\"more-link\">Continue reading<span class=\"screen-reader-text\"> &#8220;Pol\u00edtica de devolucions&#8221;<\/span><\/a><\/p>\n","protected":false},"author":1,"featured_media":0,"parent":0,"menu_order":0,"comment_status":"closed","ping_status":"closed","template":"page-politica.php","meta":{"footnotes":""},"class_list":["post-495","page","type-page","status-publish","hentry"],"yoast_head":"<!-- This site is optimized with the Yoast SEO plugin v25.9 - https:\/\/yoast.com\/wordpress\/plugins\/seo\/ -->\n<title>Pol\u00edtica de devolucions - Traducciones Mon<\/title>\n<meta name=\"robots\" content=\"index, follow, max-snippet:-1, max-image-preview:large, max-video-preview:-1\" \/>\n<link rel=\"canonical\" href=\"https:\/\/traduccionesmon.com\/politica-de-devoluciones\/\" \/>\n<meta property=\"og:locale\" content=\"ca_ES\" \/>\n<meta property=\"og:type\" content=\"article\" \/>\n<meta property=\"og:title\" content=\"Pol\u00edtica de devolucions - Traducciones Mon\" \/>\n<meta property=\"og:description\" content=\"Condicions del pagament per enlla\u00e7 En fer un pagament per enlla\u00e7, accepteu les seg\u00fcents condicions de cancel\u00b7laci\u00f3: Un cop fet el pagament, la cancel\u00b7laci\u00f3 del servei comportar\u00e0 la devoluci\u00f3 de la part de l&#8217;enc\u00e0rrec que encara no estigui acabada. Nom\u00e9s es podr\u00e0 cancel\u00b7lar el treball, amb el corresponent dret a devoluci\u00f3, els 7 dies posteriors &hellip; Continue reading &quot;Pol\u00edtica de devolucions&quot;\" \/>\n<meta property=\"og:url\" content=\"https:\/\/traduccionesmon.com\/politica-de-devoluciones\/\" \/>\n<meta property=\"og:site_name\" content=\"Traducciones Mon\" \/>\n<meta property=\"article:modified_time\" content=\"2020-10-27T08:32:35+00:00\" \/>\n<meta name=\"twitter:card\" content=\"summary_large_image\" \/>\n<script type=\"application\/ld+json\" class=\"yoast-schema-graph\">{\"@context\":\"https:\/\/schema.org\",\"@graph\":[{\"@type\":\"WebPage\",\"@id\":\"https:\/\/traduccionesmon.com\/politica-de-devoluciones\/\",\"url\":\"https:\/\/traduccionesmon.com\/politica-de-devoluciones\/\",\"name\":\"Pol\u00edtica de devolucions - Traducciones Mon\",\"isPartOf\":{\"@id\":\"https:\/\/traduccionesmon.com\/#website\"},\"datePublished\":\"2020-10-07T12:15:23+00:00\",\"dateModified\":\"2020-10-27T08:32:35+00:00\",\"breadcrumb\":{\"@id\":\"https:\/\/traduccionesmon.com\/politica-de-devoluciones\/#breadcrumb\"},\"inLanguage\":\"ca-ES\",\"potentialAction\":[{\"@type\":\"ReadAction\",\"target\":[\"https:\/\/traduccionesmon.com\/politica-de-devoluciones\/\"]}]},{\"@type\":\"BreadcrumbList\",\"@id\":\"https:\/\/traduccionesmon.com\/politica-de-devoluciones\/#breadcrumb\",\"itemListElement\":[{\"@type\":\"ListItem\",\"position\":1,\"name\":\"Portada\",\"item\":\"https:\/\/traduccionesmon.com\/\"},{\"@type\":\"ListItem\",\"position\":2,\"name\":\"Pol\u00edtica de devolucions\"}]},{\"@type\":\"WebSite\",\"@id\":\"https:\/\/traduccionesmon.com\/#website\",\"url\":\"https:\/\/traduccionesmon.com\/\",\"name\":\"Traducciones Mon\",\"description\":\"\",\"potentialAction\":[{\"@type\":\"SearchAction\",\"target\":{\"@type\":\"EntryPoint\",\"urlTemplate\":\"https:\/\/traduccionesmon.com\/?s={search_term_string}\"},\"query-input\":{\"@type\":\"PropertyValueSpecification\",\"valueRequired\":true,\"valueName\":\"search_term_string\"}}],\"inLanguage\":\"ca-ES\"}]}<\/script>\n<!-- \/ Yoast SEO plugin. -->","yoast_head_json":{"title":"Pol\u00edtica de devolucions - Traducciones Mon","robots":{"index":"index","follow":"follow","max-snippet":"max-snippet:-1","max-image-preview":"max-image-preview:large","max-video-preview":"max-video-preview:-1"},"canonical":"https:\/\/traduccionesmon.com\/politica-de-devoluciones\/","og_locale":"ca_ES","og_type":"article","og_title":"Pol\u00edtica de devolucions - Traducciones Mon","og_description":"Condicions del pagament per enlla\u00e7 En fer un pagament per enlla\u00e7, accepteu les seg\u00fcents condicions de cancel\u00b7laci\u00f3: Un cop fet el pagament, la cancel\u00b7laci\u00f3 del servei comportar\u00e0 la devoluci\u00f3 de la part de l&#8217;enc\u00e0rrec que encara no estigui acabada. Nom\u00e9s es podr\u00e0 cancel\u00b7lar el treball, amb el corresponent dret a devoluci\u00f3, els 7 dies posteriors &hellip; Continue reading \"Pol\u00edtica de devolucions\"","og_url":"https:\/\/traduccionesmon.com\/politica-de-devoluciones\/","og_site_name":"Traducciones Mon","article_modified_time":"2020-10-27T08:32:35+00:00","twitter_card":"summary_large_image","schema":{"@context":"https:\/\/schema.org","@graph":[{"@type":"WebPage","@id":"https:\/\/traduccionesmon.com\/politica-de-devoluciones\/","url":"https:\/\/traduccionesmon.com\/politica-de-devoluciones\/","name":"Pol\u00edtica de devolucions - Traducciones Mon","isPartOf":{"@id":"https:\/\/traduccionesmon.com\/#website"},"datePublished":"2020-10-07T12:15:23+00:00","dateModified":"2020-10-27T08:32:35+00:00","breadcrumb":{"@id":"https:\/\/traduccionesmon.com\/politica-de-devoluciones\/#breadcrumb"},"inLanguage":"ca-ES","potentialAction":[{"@type":"ReadAction","target":["https:\/\/traduccionesmon.com\/politica-de-devoluciones\/"]}]},{"@type":"BreadcrumbList","@id":"https:\/\/traduccionesmon.com\/politica-de-devoluciones\/#breadcrumb","itemListElement":[{"@type":"ListItem","position":1,"name":"Portada","item":"https:\/\/traduccionesmon.com\/"},{"@type":"ListItem","position":2,"name":"Pol\u00edtica de devolucions"}]},{"@type":"WebSite","@id":"https:\/\/traduccionesmon.com\/#website","url":"https:\/\/traduccionesmon.com\/","name":"Traducciones Mon","description":"","potentialAction":[{"@type":"SearchAction","target":{"@type":"EntryPoint","urlTemplate":"https:\/\/traduccionesmon.com\/?s={search_term_string}"},"query-input":{"@type":"PropertyValueSpecification","valueRequired":true,"valueName":"search_term_string"}}],"inLanguage":"ca-ES"}]}},"_links":{"self":[{"href":"https:\/\/traduccionesmon.com\/ca\/wp-json\/wp\/v2\/pages\/495","targetHints":{"allow":["GET"]}}],"collection":[{"href":"https:\/\/traduccionesmon.com\/ca\/wp-json\/wp\/v2\/pages"}],"about":[{"href":"https:\/\/traduccionesmon.com\/ca\/wp-json\/wp\/v2\/types\/page"}],"author":[{"embeddable":true,"href":"https:\/\/traduccionesmon.com\/ca\/wp-json\/wp\/v2\/users\/1"}],"replies":[{"embeddable":true,"href":"https:\/\/traduccionesmon.com\/ca\/wp-json\/wp\/v2\/comments?post=495"}],"version-history":[{"count":1,"href":"https:\/\/traduccionesmon.com\/ca\/wp-json\/wp\/v2\/pages\/495\/revisions"}],"predecessor-version":[{"id":524,"href":"https:\/\/traduccionesmon.com\/ca\/wp-json\/wp\/v2\/pages\/495\/revisions\/524"}],"wp:attachment":[{"href":"https:\/\/traduccionesmon.com\/ca\/wp-json\/wp\/v2\/media?parent=495"}],"curies":[{"name":"wp","href":"https:\/\/api.w.org\/{rel}","templated":true}]}}